{"id":33,"date":"2011-02-11T10:47:26","date_gmt":"2011-02-11T09:47:26","guid":{"rendered":"http:\/\/www.bullarensstenhuggeri.se\/?page_id=33"},"modified":"2012-02-17T09:53:59","modified_gmt":"2012-02-17T08:53:59","slug":"gravsten","status":"publish","type":"page","link":"http:\/\/www.bullarensstenhuggeri.se\/?page_id=33","title":{"rendered":"Gravstenar"},"content":{"rendered":"<p>En minnesv\u00e5rd \u00f6ver n\u00e5gon k\u00e4r \u00e4r ett minne om livet som varit. Att ha en plats d\u00e4r man kan k\u00e4nna att man fortfarande \u00e4r n\u00e4ra, fast d\u00f6den skiljt oss \u00e5t. En gravv\u00e5rd kan utformas i hur m\u00e5nga former som helst. Man kan f\u00e5 den personligt gjord efter egna \u00f6nskem\u00e5l. Bilder och namnteckningar som man sj\u00e4lv finner personliga kan man f\u00e5 in p\u00e5 en gravv\u00e5rd. Klicka p\u00e5 l\u00e4nkarna\u00a0i menyn\u00a0f\u00f6r att titta p\u00e5 olika typer av gravv\u00e5rdar, st\u00e5ende eller liggande. Skicka g\u00e4rna ett mail eller ring och ange gravv\u00e5rd (ex. G_1) f\u00f6r att f\u00e5 prisuppgift eller om du har andra fr\u00e5gor.<\/p>\n","protected":false},"excerpt":{"rendered":"<p>En minnesv\u00e5rd \u00f6ver n\u00e5gon k\u00e4r \u00e4r ett minne om livet som varit. Att ha en plats d\u00e4r man kan k\u00e4nna att man fortfarande \u00e4r n\u00e4ra, fast d\u00f6den skiljt oss \u00e5t. En gravv\u00e5rd kan utformas i hur m\u00e5nga former som helst. &hellip; <a href=\"http:\/\/www.bullarensstenhuggeri.se\/?page_id=33\">Forts\u00e4tt l\u00e4sa <span class=\"meta-nav\">&rarr;<\/span><\/a><\/p>\n","protected":false},"author":1,"featured_media":0,"parent":0,"menu_order":0,"comment_status":"closed","ping_status":"closed","template":"","meta":[],"_links":{"self":[{"href":"http:\/\/www.bullarensstenhuggeri.se\/index.php?rest_route=\/wp\/v2\/pages\/33"}],"collection":[{"href":"http:\/\/www.bullarensstenhuggeri.se\/index.php?rest_route=\/wp\/v2\/pages"}],"about":[{"href":"http:\/\/www.bullarensstenhuggeri.se\/index.php?rest_route=\/wp\/v2\/types\/page"}],"author":[{"embeddable":true,"href":"http:\/\/www.bullarensstenhuggeri.se\/index.php?rest_route=\/wp\/v2\/users\/1"}],"replies":[{"embeddable":true,"href":"http:\/\/www.bullarensstenhuggeri.se\/index.php?rest_route=%2Fwp%2Fv2%2Fcomments&post=33"}],"version-history":[{"count":5,"href":"http:\/\/www.bullarensstenhuggeri.se\/index.php?rest_route=\/wp\/v2\/pages\/33\/revisions"}],"predecessor-version":[{"id":59,"href":"http:\/\/www.bullarensstenhuggeri.se\/index.php?rest_route=\/wp\/v2\/pages\/33\/revisions\/59"}],"wp:attachment":[{"href":"http:\/\/www.bullarensstenhuggeri.se\/index.php?rest_route=%2Fwp%2Fv2%2Fmedia&parent=33"}],"curies":[{"name":"wp","href":"https:\/\/api.w.org\/{rel}","templated":true}]}}