{"id":183,"date":"2012-02-17T10:40:29","date_gmt":"2012-02-17T09:40:29","guid":{"rendered":"http:\/\/www.bullarensstenhuggeri.se\/?page_id=183"},"modified":"2012-02-17T13:20:10","modified_gmt":"2012-02-17T12:20:10","slug":"textkomplettering","status":"publish","type":"page","link":"https:\/\/www.bullarensstenhuggeri.se\/?page_id=183","title":{"rendered":"Textkomplettering"},"content":{"rendered":"<p>N\u00e4r vi kompletterar en gravsten h\u00e4mtar vi hem dom fr\u00e5n kyrkog\u00e5rden hit till stenhuggeriet. I de fall gravstenen inte g\u00e5r att flytta finns m\u00f6jlighet att textkomplettera p\u00e5 plats.<\/p>\n<p>Ibland \u00e4r det s\u00e5 att det inte finns mer plats p\u00e5 gravstenen f\u00f6r ytterligare texter. D\u00e5 g\u00e5r det naturligtvis att ordna en liggande gravsten\u00a0framf\u00f6r men det finns ytterligare n\u00e5gra alternativ.<br \/>\n1: Man kan\u00a0fr\u00e4sa ner och polera hela framsidan p\u00e5 gravstenen.<br \/>\n2: Ibland passar det bra att hugga bort den gamla texten och sedan s\u00e4tt in texterna i textrutan.<br \/>\n3: V\u00e4nd p\u00e5 gravstenen. Anv\u00e4nd baksidan som framsida. Den gamla texten p\u00e5 gravstenen bibeh\u00e5lls och syns p\u00e5 stenens baksida.<\/p>\n","protected":false},"excerpt":{"rendered":"<p>N\u00e4r vi kompletterar en gravsten h\u00e4mtar vi hem dom fr\u00e5n kyrkog\u00e5rden hit till stenhuggeriet. I de fall gravstenen inte g\u00e5r att flytta finns m\u00f6jlighet att textkomplettera p\u00e5 plats. Ibland \u00e4r det s\u00e5 att det inte finns mer plats p\u00e5 gravstenen &hellip; <a href=\"https:\/\/www.bullarensstenhuggeri.se\/?page_id=183\">Forts\u00e4tt l\u00e4sa <span class=\"meta-nav\">&rarr;<\/span><\/a><\/p>\n","protected":false},"author":1,"featured_media":0,"parent":0,"menu_order":0,"comment_status":"closed","ping_status":"closed","template":"","meta":[],"_links":{"self":[{"href":"https:\/\/www.bullarensstenhuggeri.se\/index.php?rest_route=\/wp\/v2\/pages\/183"}],"collection":[{"href":"https:\/\/www.bullarensstenhuggeri.se\/index.php?rest_route=\/wp\/v2\/pages"}],"about":[{"href":"https:\/\/www.bullarensstenhuggeri.se\/index.php?rest_route=\/wp\/v2\/types\/page"}],"author":[{"embeddable":true,"href":"https:\/\/www.bullarensstenhuggeri.se\/index.php?rest_route=\/wp\/v2\/users\/1"}],"replies":[{"embeddable":true,"href":"https:\/\/www.bullarensstenhuggeri.se\/index.php?rest_route=%2Fwp%2Fv2%2Fcomments&post=183"}],"version-history":[{"count":4,"href":"https:\/\/www.bullarensstenhuggeri.se\/index.php?rest_route=\/wp\/v2\/pages\/183\/revisions"}],"predecessor-version":[{"id":231,"href":"https:\/\/www.bullarensstenhuggeri.se\/index.php?rest_route=\/wp\/v2\/pages\/183\/revisions\/231"}],"wp:attachment":[{"href":"https:\/\/www.bullarensstenhuggeri.se\/index.php?rest_route=%2Fwp%2Fv2%2Fmedia&parent=183"}],"curies":[{"name":"wp","href":"https:\/\/api.w.org\/{rel}","templated":true}]}}