{"id":19,"date":"2011-02-10T22:31:35","date_gmt":"2011-02-10T21:31:35","guid":{"rendered":"http:\/\/www.bullarensstenhuggeri.se\/?page_id=19"},"modified":"2023-10-03T07:34:59","modified_gmt":"2023-10-03T05:34:59","slug":"valkommen-till-bullarens-stenhuggeri-ab","status":"publish","type":"page","link":"https:\/\/www.bullarensstenhuggeri.se\/","title":{"rendered":"V\u00e4lkommen till Bullarens Stenhuggeri AB"},"content":{"rendered":"<p>Denna hemsida finns f\u00f6r att kunna visa ett axplock ur vad som kan g\u00f6ras i sten och f\u00f6r att starta ett intresse mellan Dig och Bullarens Stenhuggeri. Gravv\u00e5rdar \u00e4r det vi tillverkar till st\u00f6rsta delen. Vi utformar g\u00e4rna gravv\u00e5rdar helt efter Dina \u00f6nskem\u00e5l. Eftersom Bullarens Stenhuggeri \u00e4r en liten firma \u00e4r vi mycket flexibla och lyh\u00f6rda.<\/p>\n<p>Sten \u00e4r en mycket fin presentartikel och det finns ett antal exempel i denna hemsida vad som kan g\u00f6ras. Endast fantasin s\u00e4tter gr\u00e4nserna&#8230;.<\/p>\n","protected":false},"excerpt":{"rendered":"<p>Denna hemsida finns f\u00f6r att kunna visa ett axplock ur vad som kan g\u00f6ras i sten och f\u00f6r att starta ett intresse mellan Dig och Bullarens Stenhuggeri. Gravv\u00e5rdar \u00e4r det vi tillverkar till st\u00f6rsta delen. Vi utformar g\u00e4rna gravv\u00e5rdar helt &hellip; <a href=\"https:\/\/www.bullarensstenhuggeri.se\/\">Forts\u00e4tt l\u00e4sa <span class=\"meta-nav\">&rarr;<\/span><\/a><\/p>\n","protected":false},"author":1,"featured_media":0,"parent":0,"menu_order":0,"comment_status":"closed","ping_status":"closed","template":"","meta":[],"_links":{"self":[{"href":"https:\/\/www.bullarensstenhuggeri.se\/index.php?rest_route=\/wp\/v2\/pages\/19"}],"collection":[{"href":"https:\/\/www.bullarensstenhuggeri.se\/index.php?rest_route=\/wp\/v2\/pages"}],"about":[{"href":"https:\/\/www.bullarensstenhuggeri.se\/index.php?rest_route=\/wp\/v2\/types\/page"}],"author":[{"embeddable":true,"href":"https:\/\/www.bullarensstenhuggeri.se\/index.php?rest_route=\/wp\/v2\/users\/1"}],"replies":[{"embeddable":true,"href":"https:\/\/www.bullarensstenhuggeri.se\/index.php?rest_route=%2Fwp%2Fv2%2Fcomments&post=19"}],"version-history":[{"count":18,"href":"https:\/\/www.bullarensstenhuggeri.se\/index.php?rest_route=\/wp\/v2\/pages\/19\/revisions"}],"predecessor-version":[{"id":285,"href":"https:\/\/www.bullarensstenhuggeri.se\/index.php?rest_route=\/wp\/v2\/pages\/19\/revisions\/285"}],"wp:attachment":[{"href":"https:\/\/www.bullarensstenhuggeri.se\/index.php?rest_route=%2Fwp%2Fv2%2Fmedia&parent=19"}],"curies":[{"name":"wp","href":"https:\/\/api.w.org\/{rel}","templated":true}]}}