{"id":191,"date":"2012-02-17T11:20:44","date_gmt":"2012-02-17T10:20:44","guid":{"rendered":"http:\/\/www.bullarensstenhuggeri.se\/?page_id=191"},"modified":"2012-02-17T14:00:47","modified_gmt":"2012-02-17T13:00:47","slug":"renovering","status":"publish","type":"page","link":"https:\/\/www.bullarensstenhuggeri.se\/?page_id=191","title":{"rendered":"Renovering"},"content":{"rendered":"<p>Vi tar hand om det\u00a0mesta renoveringsbehovet\u00a0som g\u00e4ller runt\u00a0en gravanl\u00e4ggning.\u00a0<br \/>\n<strong>&#8211; Omdubbning<\/strong><br \/>\n<strong>&#8211; Ommontering av gravsten<br \/>\n&#8211; Ommontering av komplett ram<br \/>\n&#8211; Tv\u00e4tt av gravsten, tv\u00e4tt av ramanl\u00e4ggning<\/strong><\/p>\n","protected":false},"excerpt":{"rendered":"<p>Vi tar hand om det\u00a0mesta renoveringsbehovet\u00a0som g\u00e4ller runt\u00a0en gravanl\u00e4ggning.\u00a0 &#8211; Omdubbning &#8211; Ommontering av gravsten &#8211; Ommontering av komplett ram &#8211; Tv\u00e4tt av gravsten, tv\u00e4tt av ramanl\u00e4ggning<\/p>\n","protected":false},"author":1,"featured_media":0,"parent":0,"menu_order":0,"comment_status":"closed","ping_status":"closed","template":"","meta":[],"_links":{"self":[{"href":"https:\/\/www.bullarensstenhuggeri.se\/index.php?rest_route=\/wp\/v2\/pages\/191"}],"collection":[{"href":"https:\/\/www.bullarensstenhuggeri.se\/index.php?rest_route=\/wp\/v2\/pages"}],"about":[{"href":"https:\/\/www.bullarensstenhuggeri.se\/index.php?rest_route=\/wp\/v2\/types\/page"}],"author":[{"embeddable":true,"href":"https:\/\/www.bullarensstenhuggeri.se\/index.php?rest_route=\/wp\/v2\/users\/1"}],"replies":[{"embeddable":true,"href":"https:\/\/www.bullarensstenhuggeri.se\/index.php?rest_route=%2Fwp%2Fv2%2Fcomments&post=191"}],"version-history":[{"count":5,"href":"https:\/\/www.bullarensstenhuggeri.se\/index.php?rest_route=\/wp\/v2\/pages\/191\/revisions"}],"predecessor-version":[{"id":215,"href":"https:\/\/www.bullarensstenhuggeri.se\/index.php?rest_route=\/wp\/v2\/pages\/191\/revisions\/215"}],"wp:attachment":[{"href":"https:\/\/www.bullarensstenhuggeri.se\/index.php?rest_route=%2Fwp%2Fv2%2Fmedia&parent=191"}],"curies":[{"name":"wp","href":"https:\/\/api.w.org\/{rel}","templated":true}]}}