{"id":218,"date":"2012-02-17T11:50:54","date_gmt":"2012-02-17T10:50:54","guid":{"rendered":"http:\/\/www.bullarensstenhuggeri.se\/?page_id=218"},"modified":"2012-05-14T08:59:00","modified_gmt":"2012-05-14T06:59:00","slug":"stenbutiken","status":"publish","type":"page","link":"https:\/\/www.bullarensstenhuggeri.se\/?page_id=218","title":{"rendered":"Presentartiklar"},"content":{"rendered":"<p>Varje stenprodukt \u00e4r unikt tillverkad av oss h\u00e4r i stenhuggeriet.<\/p>\n<p>H\u00e4llristningstavla &#8221;Brudparet&#8221; i r\u00f6d bohusgranit ca 20x30cm<a href=\"http:\/\/media.bullarensstenhuggeri.se\/2012\/02\/H\u00e4llristning-1.jpg\"><img decoding=\"async\" loading=\"lazy\" class=\"alignnone size-medium wp-image-226\" title=\"H\u00e4llristning 1\" src=\"http:\/\/media.bullarensstenhuggeri.se\/2012\/02\/H\u00e4llristning-1-300x225.jpg\" alt=\"\" width=\"300\" height=\"225\" srcset=\"http:\/\/media.bullarensstenhuggeri.se\/2012\/02\/H\u00e4llristning-1-300x225.jpg 300w, http:\/\/media.bullarensstenhuggeri.se\/2012\/02\/H\u00e4llristning-1.jpg 600w\" sizes=\"(max-width: 300px) 100vw, 300px\" \/><\/a><br \/>\nPris: 1500:-<\/p>\n<p>H\u00e4llristningstavla &#8221;Kvinnan&#8221; i\u00a0gr\u00e5 bohusgranit ca 20x30cm<a href=\"http:\/\/media.bullarensstenhuggeri.se\/2012\/02\/H\u00e4llristning-2.jpg\"><img decoding=\"async\" loading=\"lazy\" class=\"alignnone size-medium wp-image-227\" title=\"H\u00e4llristning 2\" src=\"http:\/\/media.bullarensstenhuggeri.se\/2012\/02\/H\u00e4llristning-2-300x225.jpg\" alt=\"\" width=\"300\" height=\"225\" srcset=\"http:\/\/media.bullarensstenhuggeri.se\/2012\/02\/H\u00e4llristning-2-300x225.jpg 300w, http:\/\/media.bullarensstenhuggeri.se\/2012\/02\/H\u00e4llristning-2.jpg 600w\" sizes=\"(max-width: 300px) 100vw, 300px\" \/><\/a><br \/>\nPris: 1500:-<\/p>\n<p>H\u00e4llristningstavla &#8221;Brudparet&#8221; i\u00a0Svart diabas\u00a0ca 20x30cm<br \/>\n<a href=\"http:\/\/media.bullarensstenhuggeri.se\/2012\/02\/H\u00e4llristning-3.jpg\"><img decoding=\"async\" loading=\"lazy\" class=\"alignnone size-medium wp-image-225\" title=\"H\u00e4llristning 3\" src=\"http:\/\/media.bullarensstenhuggeri.se\/2012\/02\/H\u00e4llristning-3-300x225.jpg\" alt=\"\" width=\"300\" height=\"225\" srcset=\"http:\/\/media.bullarensstenhuggeri.se\/2012\/02\/H\u00e4llristning-3-300x225.jpg 300w, http:\/\/media.bullarensstenhuggeri.se\/2012\/02\/H\u00e4llristning-3.jpg 600w\" sizes=\"(max-width: 300px) 100vw, 300px\" \/><\/a><br \/>\nPris: 1700:-<\/p>\n","protected":false},"excerpt":{"rendered":"<p>Varje stenprodukt \u00e4r unikt tillverkad av oss h\u00e4r i stenhuggeriet. H\u00e4llristningstavla &#8221;Brudparet&#8221; i r\u00f6d bohusgranit ca 20x30cm Pris: 1500:- H\u00e4llristningstavla &#8221;Kvinnan&#8221; i\u00a0gr\u00e5 bohusgranit ca 20x30cm Pris: 1500:- H\u00e4llristningstavla &#8221;Brudparet&#8221; i\u00a0Svart diabas\u00a0ca 20x30cm Pris: 1700:-<\/p>\n","protected":false},"author":1,"featured_media":0,"parent":0,"menu_order":0,"comment_status":"closed","ping_status":"closed","template":"","meta":[],"_links":{"self":[{"href":"https:\/\/www.bullarensstenhuggeri.se\/index.php?rest_route=\/wp\/v2\/pages\/218"}],"collection":[{"href":"https:\/\/www.bullarensstenhuggeri.se\/index.php?rest_route=\/wp\/v2\/pages"}],"about":[{"href":"https:\/\/www.bullarensstenhuggeri.se\/index.php?rest_route=\/wp\/v2\/types\/page"}],"author":[{"embeddable":true,"href":"https:\/\/www.bullarensstenhuggeri.se\/index.php?rest_route=\/wp\/v2\/users\/1"}],"replies":[{"embeddable":true,"href":"https:\/\/www.bullarensstenhuggeri.se\/index.php?rest_route=%2Fwp%2Fv2%2Fcomments&post=218"}],"version-history":[{"count":6,"href":"https:\/\/www.bullarensstenhuggeri.se\/index.php?rest_route=\/wp\/v2\/pages\/218\/revisions"}],"predecessor-version":[{"id":242,"href":"https:\/\/www.bullarensstenhuggeri.se\/index.php?rest_route=\/wp\/v2\/pages\/218\/revisions\/242"}],"wp:attachment":[{"href":"https:\/\/www.bullarensstenhuggeri.se\/index.php?rest_route=%2Fwp%2Fv2%2Fmedia&parent=218"}],"curies":[{"name":"wp","href":"https:\/\/api.w.org\/{rel}","templated":true}]}}