{"id":23,"date":"2011-02-10T22:36:54","date_gmt":"2011-02-10T21:36:54","guid":{"rendered":"http:\/\/www.bullarensstenhuggeri.se\/?page_id=23"},"modified":"2012-02-22T14:55:12","modified_gmt":"2012-02-22T13:55:12","slug":"foretagsinformation","status":"publish","type":"page","link":"https:\/\/www.bullarensstenhuggeri.se\/?page_id=23","title":{"rendered":"F\u00f6retagsinformation"},"content":{"rendered":"<p>Bullarens Stenhuggeri \u00e4r ett gammalt familjef\u00f6retag i Bullaren som utformat gravv\u00e5rdar sedan 1940 talet. Drivs idag av tredje generationen stenhuggare.<\/p>\n<p>Stenhuggeriet \u00e4r och har alltid specialiserat sig p\u00e5 gravv\u00e5rdar.<br \/>\nNaturligtvis g\u00f6r vi \u00e4ven andra produkter i sten.<\/p>\n<p>Stenhuggeriet finns i natursk\u00f6na Bullarebygden i norra Bohusl\u00e4n.<\/p>\n<p>F\u00f6retaget har som policy att leverera stenar med h\u00f6gsta finish och kvalitet till kundens bel\u00e5tenhet.<\/p>\n","protected":false},"excerpt":{"rendered":"<p>Bullarens Stenhuggeri \u00e4r ett gammalt familjef\u00f6retag i Bullaren som utformat gravv\u00e5rdar sedan 1940 talet. Drivs idag av tredje generationen stenhuggare. Stenhuggeriet \u00e4r och har alltid specialiserat sig p\u00e5 gravv\u00e5rdar. Naturligtvis g\u00f6r vi \u00e4ven andra produkter i sten. Stenhuggeriet finns i &hellip; <a href=\"https:\/\/www.bullarensstenhuggeri.se\/?page_id=23\">Forts\u00e4tt l\u00e4sa <span class=\"meta-nav\">&rarr;<\/span><\/a><\/p>\n","protected":false},"author":1,"featured_media":0,"parent":0,"menu_order":0,"comment_status":"closed","ping_status":"closed","template":"","meta":[],"_links":{"self":[{"href":"https:\/\/www.bullarensstenhuggeri.se\/index.php?rest_route=\/wp\/v2\/pages\/23"}],"collection":[{"href":"https:\/\/www.bullarensstenhuggeri.se\/index.php?rest_route=\/wp\/v2\/pages"}],"about":[{"href":"https:\/\/www.bullarensstenhuggeri.se\/index.php?rest_route=\/wp\/v2\/types\/page"}],"author":[{"embeddable":true,"href":"https:\/\/www.bullarensstenhuggeri.se\/index.php?rest_route=\/wp\/v2\/users\/1"}],"replies":[{"embeddable":true,"href":"https:\/\/www.bullarensstenhuggeri.se\/index.php?rest_route=%2Fwp%2Fv2%2Fcomments&post=23"}],"version-history":[{"count":7,"href":"https:\/\/www.bullarensstenhuggeri.se\/index.php?rest_route=\/wp\/v2\/pages\/23\/revisions"}],"predecessor-version":[{"id":241,"href":"https:\/\/www.bullarensstenhuggeri.se\/index.php?rest_route=\/wp\/v2\/pages\/23\/revisions\/241"}],"wp:attachment":[{"href":"https:\/\/www.bullarensstenhuggeri.se\/index.php?rest_route=%2Fwp%2Fv2%2Fmedia&parent=23"}],"curies":[{"name":"wp","href":"https:\/\/api.w.org\/{rel}","templated":true}]}}